{"id":1589,"date":"2019-04-01T12:10:24","date_gmt":"2019-04-01T12:10:24","guid":{"rendered":"https:\/\/xn--andreas-nakic-gewaltprvention-mqc.de\/?page_id=1589"},"modified":"2019-05-17T11:09:14","modified_gmt":"2019-05-17T11:09:14","slug":"referenzen","status":"publish","type":"page","link":"https:\/\/xn--andreas-nakic-gewaltprvention-mqc.de\/index.php\/referenzen\/","title":{"rendered":"Referenzen"},"content":{"rendered":"\n<p>Amt f\u00fcr Kinder Jugend und Familie K\u00f6ln <a href=\"http:\/\/www.stadt-koeln.de\" target=\"_blank\" rel=\"noopener noreferrer\">www.stadt-koeln.de<\/a>, <\/p>\n\n\n\n<p>K\u00f6lner Verkehrsbetriebe <a href=\"http:\/\/www.kvb-koeln.de\" target=\"_blank\" rel=\"noopener noreferrer\">www.kvb-koeln.de<\/a>, <\/p>\n\n\n\n<p>Laureus Sport for good Stiftung <a href=\"https:\/\/www.laureus.de\/foundation\/coole-paenz\/\" target=\"_blank\" rel=\"noopener noreferrer\">www.laureus.de\/foundation\/coole-paenz\/<\/a><\/p>\n\n\n\n<p>AWO K\u00f6ln <a href=\"http:\/\/www.awo-koeln.de\" target=\"_blank\" rel=\"noopener noreferrer\">www.awo-koeln.de<\/a> <\/p>\n\n\n\n<p>Jugendpflege Kreuztal <a href=\"http:\/\/jugend.kreuztal.de\" target=\"_blank\" rel=\"noopener noreferrer\">jugend.kreuztal.de<\/a><\/p>\n\n\n\n<p>FAIR ST\u00c4RKEN <a href=\"https:\/\/fairstaerken.de\" target=\"_blank rel=\"noopener= noopener noreferrer\"\" noreferrer\"=\"\">fairstaerken.de<\/a> <\/p>\n\n\n\n<p>Millimetertraining <a href=\"http:\/\/www.millimetertraining.de\" target=\"_blank\" rel=\"noopener noreferrer\">www.millimetertraining.de<\/a> <\/p>\n\n\n\n<p>Wir f\u00fcr P\u00e4nz e.V <a href=\"http:\/\/www.wir-fuer-paenz.de\" target=\"_blank\" rel=\"noopener noreferrer\">www.wir-fuer-paenz.de<\/a>  <\/p>\n\n\n\n<p>Grundschule an Dreslers Park <a href=\"http:\/\/grundschule-dreslers-park.de\" target=\"_blank\" rel=\"noopener noreferrer\">grundschule-dreslers-park.de<\/a> <\/p>\n\n\n\n<p>Amaro\nKehr Schule K\u00f6ln<a href=\"http:\/\/www.amaro-kher.de\" target=\"_blank\" rel=\"noopener noreferrer\">www.amaro-kher.de<\/a>\n  \n<\/p>\n\n\n\n<p>Schule Berliner Str. <a href=\"http:\/\/www.schule-berlinerstrasse.de\" target=\"_blank\" rel=\"noopener noreferrer\">www.schule-berlinerstrasse.de <\/a><\/p>\n\n\n\n<p>Mathias Hagen Schule <a href=\"http:\/\/www.matthias-hagen-schule.de\" target=\"_blank rel=\"noopener= noopener noreferrer\"\" noreferrer\"=\"\">www.matthias-hagen-schule.de&#8220;<\/a> <\/p>\n\n\n\n<p>Heinrich Heine Gymnasium K\u00f6ln <a href=\"http:\/\/www.heinrich-heine-gymnasium-koeln.de\" target=\"_blank\" rel=\"noopener noreferrer\">www.heinrich-heine-gymnasium-koeln.de<\/a><\/p>\n\n\n\n<p>Veedel e.V. <a href=\"http:\/\/www.veedel.de\" target=\"_blank\" rel=\"noopener noreferrer\">www.veedel.de <\/a><\/p>\n\n\n\n<p>Jugendzentrum Gremberg <a href=\"http:\/\/gremberg.jugz.de\" target=\"_blank\" rel=\"noopener noreferrer\">gremberg.jugz.de<\/a><\/p>\n\n\n\n<p>Hauptschule Gro\u00dfer Griechenmarkt  <a href=\"http:\/\/www.griechenmarkt.de\" target=\"_blank\" rel=\"noopener noreferrer\">www.griechenmarkt.de<\/a><\/p>\n\n\n\n<p>GHS\nReutlinger Str. K\u00f6ln <a href=\"http:\/\/www.ghsreutlinger-koeln.de\" target=\"_blank\" rel=\"noopener noreferrer\">www.ghsreutlinger-koeln.de<\/a>\n \n<\/p>\n\n\n\n<p>Berufskolleg Porz <a href=\"https:\/\/www.bk10-koeln.de\" target=\"_blank\" rel=\"noopener noreferrer\">www.bk10-koeln.de<\/a>, <\/p>\n\n\n\n<p>Hans\nB\u00f6ckler Berufskolleg <a href=\"http:\/\/www.hbbk-koeln.de\" target=\"_blank\" rel=\"noopener noreferrer\">www.hbbk-koeln.de<\/a>,\n\n<\/p>\n\n\n\n<p>Freie Waldorfschule K\u00f6ln <a href=\"http:\/\/www.waldorfschule-koeln.de\" target=\"_blank\" rel=\"noopener noreferrer\">www.waldorfschule-koeln.de<\/a>  <\/p>\n\n\n\n<p>Senjorennetzwerk K\u00f6ln Ostheim <a href=\"http:\/\/www.drk-koeln.de\" target=\"_blank\" rel=\"noopener noreferrer\">www.drk-koeln.de<\/a><\/p>\n\n\n\n<p>Senioren Netzwerk M\u00fchlheim <a href=\"https:\/\/www.augustbebelhaus.de\" target=\"_blank\" rel=\"noopener noreferrer\">www.augustbebelhaus.de <\/a><\/p>\n\n\n\n<p>Freie Waldorfschule K\u00f6ln <a href=\"http:\/\/www.waldorfschule-koeln.de\" target=\"_blank\" rel=\"noopener noreferrer\">www.waldorfschule-koeln.de<\/a> <\/p>\n","protected":false},"excerpt":{"rendered":"<p>Amt f\u00fcr Kinder Jugend und Familie K\u00f6ln www.stadt-koeln.de, K\u00f6lner Verkehrsbetriebe www.kvb-koeln.de, Laureus Sport for good Stiftung www.laureus.de\/foundation\/coole-paenz\/ AWO K\u00f6ln www.awo-koeln.de Jugendpflege Kreuztal jugend.kreuztal.de FAIR ST\u00c4RKEN www.matthias-hagen-schule.de&#8220; Heinrich Heine Gymnasium K\u00f6ln &#8230;<\/p>\n","protected":false},"author":1,"featured_media":0,"parent":0,"menu_order":0,"comment_status":"closed","ping_status":"closed","template":"","meta":{"footnotes":""},"_links":{"self":[{"href":"https:\/\/xn--andreas-nakic-gewaltprvention-mqc.de\/index.php\/wp-json\/wp\/v2\/pages\/1589"}],"collection":[{"href":"https:\/\/xn--andreas-nakic-gewaltprvention-mqc.de\/index.php\/wp-json\/wp\/v2\/pages"}],"about":[{"href":"https:\/\/xn--andreas-nakic-gewaltprvention-mqc.de\/index.php\/wp-json\/wp\/v2\/types\/page"}],"author":[{"embeddable":true,"href":"https:\/\/xn--andreas-nakic-gewaltprvention-mqc.de\/index.php\/wp-json\/wp\/v2\/users\/1"}],"replies":[{"embeddable":true,"href":"https:\/\/xn--andreas-nakic-gewaltprvention-mqc.de\/index.php\/wp-json\/wp\/v2\/comments?post=1589"}],"version-history":[{"count":10,"href":"https:\/\/xn--andreas-nakic-gewaltprvention-mqc.de\/index.php\/wp-json\/wp\/v2\/pages\/1589\/revisions"}],"predecessor-version":[{"id":1759,"href":"https:\/\/xn--andreas-nakic-gewaltprvention-mqc.de\/index.php\/wp-json\/wp\/v2\/pages\/1589\/revisions\/1759"}],"wp:attachment":[{"href":"https:\/\/xn--andreas-nakic-gewaltprvention-mqc.de\/index.php\/wp-json\/wp\/v2\/media?parent=1589"}],"curies":[{"name":"wp","href":"https:\/\/api.w.org\/{rel}","templated":true}]}}